{"id":38993,"date":"2020-03-02T12:48:52","date_gmt":"2020-03-02T10:48:52","guid":{"rendered":"https:\/\/mie-scintron.com\/corporate-info\/"},"modified":"2023-12-04T10:25:29","modified_gmt":"2023-12-04T08:25:29","slug":"corporate-info","status":"publish","type":"page","link":"https:\/\/dev.mie-scintron.com\/ja\/corporate-info\/","title":{"rendered":"corporate info"},"content":{"rendered":"<h2>MiE Germany<\/h2>\n<p>MiE medical imaging electronics GmbH<br \/>\nHauptstrasse 112<\/p>\n<p>23845 Seth<\/p>\n<p>Germany<\/p>\n<p>mie@miegermany.de<\/p>\n<p>Commercial register of the local courts:<\/p>\n<p>Kiel HRB 1508 &#8211; President: G\u00fcnther W. K\u00fchl, Thomas K\u00fchl<\/p>\n<p>VAT identification number: DE 813 956 054<\/p>\n<p>We have no influence to the content and design of linked sites.<\/p>\n<p>We assume no guarantee for the timeliness, accuracy, completeness<\/p>\n<p>or\/and quality of the information there.<\/p>\n<p>If you have any questions or comments regarding this webpage, feel free to contact webmaster@miegermany.de<\/p>\n<p>Trademark Information:<\/p>\n<p>Caprac and CRC are registered trademarks of Capintec, Inc.<\/p>\n<p>E.CAM, Bodyscan, Diacam, Multispect, Orbiter, ZLC and Digitrac are registered trademarks of Siemens Medical Systems, Inc.<\/p>\n<p>ECAT is a registered tardemark of CTI PET Systems, Inc.<\/p>\n<p>OS9 is a registered tardemark of Microware<\/p>\n<p>SCINTRON is a registered trademark of MiE GmbH<\/p>\n<p>The trademarks, images and logos displayed on this site are property of MiE GmbH or other third parties. You are not permitted to use these marks, images or logos without the prior written consent of MiE GmbH or such third party that may own the mark.<\/p>\n<p>&nbsp;<\/p>\n<h2>MiE America<\/h2>\n<p>MiE America, Inc.<br \/>\n420 Bennett Road<br \/>\nElk Grove Village, IL 60007<br \/>\nU.S.A.<\/p>\n<p><a href=\"tel:+18479816100\"><img id=\"tgpli-656d8c0947790\" src=\"https:\/\/dev.mie-scintron.com\/wp-content\/uploads\/2019\/01\/phone-icon.png\" alt=\"\" width=\"15\" height=\"15\" data-tgpli-src=\"https:\/\/dev.mie-scintron.com\/wp-content\/uploads\/2019\/01\/phone-icon.png\" data-tgpli-inited=\"\" \/>\u00a0(+1) 847 \u00b7 981 \u00b7 6100<\/a><br \/>\n<img id=\"tgpli-656d8c0947795\" class=\"alignnone size-full wp-image-36945\" src=\"https:\/\/dev.mie-scintron.com\/wp-content\/uploads\/2019\/01\/fax-icon.png\" alt=\"\" width=\"15\" height=\"15\" data-tgpli-src=\"https:\/\/dev.mie-scintron.com\/wp-content\/uploads\/2019\/01\/fax-icon.png\" data-tgpli-inited=\"\" \/>\u00a0(+1) 847\u00a0\u00b7 981 \u00b7 3232<br \/>\n<img id=\"tgpli-656d8c0947799\" class=\"alignnone size-full wp-image-36947\" src=\"https:\/\/dev.mie-scintron.com\/wp-content\/uploads\/2019\/01\/email-icon.png\" alt=\"\" width=\"15\" height=\"15\" data-tgpli-src=\"https:\/\/dev.mie-scintron.com\/wp-content\/uploads\/2019\/01\/email-icon.png\" data-tgpli-inited=\"\" \/>\u00a0<a href=\"mailto:mie@mieamerica.com\">mie@mieamerica.com<\/a><\/p>\n<h2>MiE Japan<\/h2>\n<p>6 Chome-12-6 Nishishinjuku<br \/>\nShinjuku 160-0023<br \/>\nJapan<\/p>\n<p><a href=\"tel:+81353240877\">Tel. +8 135 324 0877<\/a><br \/>\n<a href=\"mailto:mie@miejapan.com\">mie@miejapan.com<\/a><\/p>\n<div id=\"corp\">\n<table width=\"100%\" cellspacing=\"0\" cellpadding=\"0\">\n<tbody>\n<tr>\n<th>\u8a2d\u7acb<\/th>\n<td>2016\u5e746\u6708\u30c9\u30a4\u30c4 MiE\u793e\u3092\u672c\u793e\u3068\u3066\u8a2d\u7acb\u3044\u305f\u3057\u307e\u3057\u305f\u3002<\/td>\n<\/tr>\n<tr>\n<th>\u8cc7\u672c\u91d1<\/th>\n<td>1,600\u4e07\u5186(\u5185\u8a33\u4e0b\u8a18\u53c2\u7167\uff09<br \/>\n1,500\u4e07\u5186 \u30c9\u30a4\u30c4MiE<br \/>\n100\u4e07\u5186 \u682a\u5f0f\u4f1a\u793ePMOD<\/td>\n<\/tr>\n<tr>\n<th>\u4ee3\u8868\u53d6\u7de0\u5f79\u793e\u9577<\/th>\n<td>\u91d1\u91ce \u771f\u4eba<\/td>\n<\/tr>\n<tr>\n<th>\u6240\u5728\u5730<\/th>\n<td>\u3012160-0023 \u65b0\u5bbf\u533a\u897f\u65b0\u5bbf6-12-6<br \/>\nTEL\u300003-5324-0877<\/td>\n<\/tr>\n<tr>\n<th>\u672c\u793e<\/th>\n<td>\u30c9\u30a4\u30c4MiE<br \/>\nHauptstrasse 112 23845 Seth \/ Germany<br \/>\nTel.: (0049) 4194 9977 \u2013 0<\/td>\n<\/tr>\n<tr>\n<th>\u4e3b\u53d6\u5f15\u9280\u884c<\/th>\n<td>\u4e09\u83f1\u6771\u4eacUFJ\u9280\u884c \u837b\u7aaa\u652f\u5e97<\/td>\n<\/tr>\n<tr>\n<th>\u53d6\u308a\u6271\u3044\u88fd\u54c1<\/th>\n<td>\u81e8\u5e8a\u7528\u6838\u533b\u5b66\u88c5\u7f6e\u3001\u753b\u50cf\u8a3a\u65ad\u88c5\u7f6e<\/td>\n<\/tr>\n<\/tbody>\n<\/table>\n<\/div>\n","protected":false},"excerpt":{"rendered":"<p>MiE Germany MiE medi&#8230;<\/p>\n","protected":false},"author":1,"featured_media":0,"parent":0,"menu_order":39,"comment_status":"closed","ping_status":"closed","template":"","meta":{"_acf_changed":false,"footnotes":""},"categories":[],"tags":[],"class_list":["post-38993","page","type-page","status-publish"],"acf":[],"_links":{"self":[{"href":"https:\/\/dev.mie-scintron.com\/ja\/wp-json\/wp\/v2\/pages\/38993","targetHints":{"allow":["GET"]}}],"collection":[{"href":"https:\/\/dev.mie-scintron.com\/ja\/wp-json\/wp\/v2\/pages"}],"about":[{"href":"https:\/\/dev.mie-scintron.com\/ja\/wp-json\/wp\/v2\/types\/page"}],"author":[{"embeddable":true,"href":"https:\/\/dev.mie-scintron.com\/ja\/wp-json\/wp\/v2\/users\/1"}],"replies":[{"embeddable":true,"href":"https:\/\/dev.mie-scintron.com\/ja\/wp-json\/wp\/v2\/comments?post=38993"}],"version-history":[{"count":2,"href":"https:\/\/dev.mie-scintron.com\/ja\/wp-json\/wp\/v2\/pages\/38993\/revisions"}],"predecessor-version":[{"id":49608,"href":"https:\/\/dev.mie-scintron.com\/ja\/wp-json\/wp\/v2\/pages\/38993\/revisions\/49608"}],"wp:attachment":[{"href":"https:\/\/dev.mie-scintron.com\/ja\/wp-json\/wp\/v2\/media?parent=38993"}],"wp:term":[{"taxonomy":"category","embeddable":true,"href":"https:\/\/dev.mie-scintron.com\/ja\/wp-json\/wp\/v2\/categories?post=38993"},{"taxonomy":"post_tag","embeddable":true,"href":"https:\/\/dev.mie-scintron.com\/ja\/wp-json\/wp\/v2\/tags?post=38993"}],"curies":[{"name":"wp","href":"https:\/\/api.w.org\/{rel}","templated":true}]}}