{"id":42671,"date":"2021-11-16T10:23:05","date_gmt":"2021-11-16T08:23:05","guid":{"rendered":"https:\/\/mie-scintron.com\/small-animal-imaging\/"},"modified":"2025-03-10T16:41:19","modified_gmt":"2025-03-10T14:41:19","slug":"small-animal-imaging","status":"publish","type":"page","link":"https:\/\/dev.mie-scintron.com\/de\/veterinary\/small-animal-imaging\/","title":{"rendered":"Veterin\u00e4re Szintigraphie"},"content":{"rendered":"<div class=\"wpb-content-wrapper\"><p>[vc_row full_width=&#8220;stretch_row&#8220; awb_type=&#8220;image&#8220; awb_image_background_position=&#8220;50% 50%&#8220; awb_image=&#8220;39872&#8243; css=&#8220;.vc_custom_1643969426790{margin-bottom: 0px !important;padding-bottom: 0px !important;background-image: url(https:\/\/dev.mie-scintron.com\/wp-content\/uploads\/2020\/10\/bg-hexagon.jpg?id=39872) !important;background-position: center !important;background-repeat: no-repeat !important;background-size: cover !important;}&#8220;][vc_column][vc_row_inner equal_height=&#8220;yes&#8220; content_placement=&#8220;middle&#8220; el_class=&#8220;white-text text-shadow scrollmagic-pin-spacer&#8220;][vc_column_inner width=&#8220;1\/2&#8243;][vc_column_text el_class=&#8220;text-shadow&#8220;]<\/p>\n<h1 style=\"text-align: center;\">Veterin\u00e4re Szintigraphie<\/h1>\n<p>[\/vc_column_text][vc_column_text]<\/p>\n<h4 class=\"p1\" style=\"text-align: left;\">Mit PICOLA &amp; SYNGULA SCINTRON<\/h4>\n<p>[\/vc_column_text][vc_single_image image=&#8220;42606&#8243; img_size=&#8220;medium&#8220;][\/vc_column_inner][vc_column_inner width=&#8220;1\/2&#8243;][vc_single_image image=&#8220;42545&#8243; img_size=&#8220;large&#8220;][\/vc_column_inner][\/vc_row_inner][\/vc_column][\/vc_row][vc_row full_width=&#8220;stretch_row&#8220; css=&#8220;.vc_custom_1526212774344{margin-top: 0px !important;margin-bottom: 0px !important;padding-top: 0px !important;padding-bottom: 0px !important;background-color: #0072bb !important;}&#8220; el_id=&#8220;stickysubmenu&#8220;][vc_column css=&#8220;.vc_custom_1526212779508{margin-top: 0px !important;margin-bottom: 0px !important;padding-top: 0px !important;padding-bottom: 0px !important;}&#8220;][vc_column_text css=&#8220;.vc_custom_1636962198031{margin-bottom: 0px !important;}&#8220;]\n<!-- UberMenu [Configuration:secondary_menu] [Theme Loc:] [Integration:api] -->\n<a class=\"ubermenu-responsive-toggle ubermenu-responsive-toggle-secondary_menu ubermenu-skin-minimal ubermenu-loc- ubermenu-responsive-toggle-content-align-center ubermenu-responsive-toggle-align-full \" tabindex=\"0\" data-ubermenu-target=\"ubermenu-secondary_menu-557\" role=\"button\" aria-controls=\"ubermenu-secondary_menu-557\" aria-label=\"Toggle small-animals - German\"><i class=\"fas fa-bars\" aria-hidden=\"true\"><\/i>JUMP TO<\/a><nav id=\"ubermenu-secondary_menu-557\" class=\"ubermenu ubermenu-nojs ubermenu-secondary_menu ubermenu-menu-557 ubermenu-responsive ubermenu-responsive-single-column ubermenu-responsive-single-column-subs ubermenu-responsive-979 ubermenu-responsive-collapse ubermenu-horizontal ubermenu-transition-shift ubermenu-trigger-hover_intent ubermenu-skin-minimal  ubermenu-bar-align-full ubermenu-items-align-center ubermenu-disable-submenu-scroll ubermenu-retractors-responsive ubermenu-submenu-indicator-closes\"><ul id=\"ubermenu-nav-secondary_menu-555\" class=\"ubermenu-nav\" data-title=\"small-animals - German\"><li id=\"menu-item-42695\" class=\"ubermenu-item ubermenu-item-type-custom ubermenu-item-object-custom ubermenu-item-42695 ubermenu-item-level-0 ubermenu-column ubermenu-column-auto\" ><a class=\"ubermenu-target ubermenu-item-layout-default ubermenu-item-layout-text_only\" href=\"#overview\" tabindex=\"0\" data-ps2id-api=\"true\"><span class=\"ubermenu-target-title ubermenu-target-text\">Overview<\/span><\/a><\/li><li id=\"menu-item-42696\" class=\"ubermenu-item ubermenu-item-type-custom ubermenu-item-object-custom ubermenu-item-42696 ubermenu-item-level-0 ubermenu-column ubermenu-column-auto\" ><a class=\"ubermenu-target ubermenu-item-layout-default ubermenu-item-layout-text_only\" href=\"#software\" tabindex=\"0\" data-ps2id-api=\"true\"><span class=\"ubermenu-target-title ubermenu-target-text\">Software<\/span><\/a><\/li><li id=\"menu-item-42697\" class=\"ubermenu-item ubermenu-item-type-custom ubermenu-item-object-custom ubermenu-item-42697 ubermenu-item-level-0 ubermenu-column ubermenu-column-auto\" ><a class=\"ubermenu-target ubermenu-item-layout-default ubermenu-item-layout-text_only\" href=\"#mediadownloads\" tabindex=\"0\" data-ps2id-api=\"true\"><span class=\"ubermenu-target-title ubermenu-target-text\">media<\/span><\/a><\/li><\/ul><\/nav>\n<!-- End UberMenu -->\n[\/vc_column_text][\/vc_column][\/vc_row][vc_row el_id=&#8220;overview&#8220;][vc_column][vc_empty_space][vc_column_text el_id=&#8220;software&#8220;]<\/p>\n<h2 style=\"text-align: center;\">Veterin\u00e4re Szintigraphie<\/h2>\n<h4 style=\"text-align: center;\">MIT PICOLA &amp; SYNGULA SCINTRON<\/h4>\n<p>[\/vc_column_text][\/vc_column][\/vc_row][vc_row][vc_column][vc_column_text]<\/p>\n<h5 style=\"text-align: center;\">MiE steht f\u00fcr langj\u00e4hrige Erfahrung in der Nuklearszintigraphie und bietet ein spezielles Softwarepaket f\u00fcr die Veterin\u00e4rmedizin.<\/h5>\n<h5 style=\"text-align: center;\">Gamma-Kameras mit kleinem und gro\u00dfem Sichtfeld f\u00fcr verschiedene Untersuchungen verf\u00fcgbar:<\/h5>\n<p>[\/vc_column_text][\/vc_column][\/vc_row][vc_row full_width=&#8220;stretch_row&#8220; awb_type=&#8220;color&#8220; awb_color=&#8220;#e8e8e8&#8243;][vc_column][vc_empty_space height=&#8220;64px&#8220;][vc_column_text]<\/p>\n<h2 style=\"text-align: center;\">Software<\/h2>\n<p>[\/vc_column_text][vc_empty_space][vc_row_inner][vc_column_inner width=&#8220;1\/4&#8243;][vc_single_image image=&#8220;42529&#8243; img_size=&#8220;large&#8220; style=&#8220;vc_box_shadow_3d&#8220; onclick=&#8220;img_link_large&#8220;][vc_column_text]<\/p>\n<h5 style=\"text-align: center;\">Schilddr\u00fcsenszintigraphie<\/h5>\n<p>[\/vc_column_text][\/vc_column_inner][vc_column_inner width=&#8220;1\/4&#8243;][vc_single_image image=&#8220;42533&#8243; img_size=&#8220;large&#8220; style=&#8220;vc_box_shadow_3d&#8220; onclick=&#8220;img_link_large&#8220;][vc_column_text]<\/p>\n<h5 style=\"text-align: center;\">Nierenfunktion<\/h5>\n<p>[\/vc_column_text][\/vc_column_inner][vc_column_inner width=&#8220;1\/4&#8243;][vc_single_image image=&#8220;42537&#8243; img_size=&#8220;large&#8220; style=&#8220;vc_box_shadow_3d&#8220; onclick=&#8220;img_link_large&#8220;][vc_column_text]<\/p>\n<h5 style=\"text-align: center;\">Bone Scintigraphy<\/h5>\n<p>[\/vc_column_text][\/vc_column_inner][vc_column_inner width=&#8220;1\/4&#8243;][vc_single_image image=&#8220;42668&#8243; img_size=&#8220;large&#8220; style=&#8220;vc_box_shadow_3d&#8220; onclick=&#8220;img_link_large&#8220;][vc_column_text]<\/p>\n<h5 style=\"text-align: center;\">Portosystemischer Shunt<\/h5>\n<p>[\/vc_column_text][\/vc_column_inner][\/vc_row_inner][vc_row_inner][vc_column_inner][vc_empty_space height=&#8220;64px&#8220;][\/vc_column_inner][\/vc_row_inner][\/vc_column][\/vc_row][vc_row el_id=&#8220;mediadownloads&#8220;][vc_column][vc_empty_space][vc_column_text]<\/p>\n<h2 style=\"text-align: center;\">MEDIA<\/h2>\n<p>[\/vc_column_text][\/vc_column][\/vc_row][vc_row][vc_column][vc_column_text]<\/p>\n<div id=\"meta\" class=\"style-scope ytd-watch-flexy\">\n<div id=\"meta-contents\" class=\"style-scope ytd-watch-flexy\">\n<div id=\"container\" class=\"style-scope ytd-video-secondary-info-renderer\">\n<div id=\"content\" class=\"style-scope ytd-expander\">\n<h5 id=\"description\" class=\"style-scope ytd-video-secondary-info-renderer\" style=\"text-align: center;\">MiE ist stolz darauf, das Video eines Kunden und dessen Einsatz unserer Gamma-Kamera SYNGULA SCINTRON zu pr\u00e4sentieren. Fortgeschrittene nuklearmedizinische Studien sind nicht nur f\u00fcr den Menschen von Nutzen.<\/h5>\n<\/div>\n<h6 id=\"always-shown\" class=\"style-scope ytd-metadata-row-container-renderer\" style=\"text-align: center;\"><\/h6>\n<\/div>\n<\/div>\n<\/div>\n<h5 id=\"ticket-shelf\" class=\"style-scope ytd-watch-flexy\" style=\"text-align: center;\">Das VCA Speciality Animal Hospital verwendet die SYNGULA Gammakamera von MiE f\u00fcr die Szintigraphie von Kleintieren.<\/h5>\n<p>[\/vc_column_text][vc_column_text]<\/p>\n<style>.embed-container { position: relative; padding-bottom: 56.25%; height: 0; overflow: hidden; max-width: 100%; } .embed-container iframe, .embed-container object, .embed-container embed { position: absolute; top: 0; left: 0; width: 100%; height: 100%; }<\/style>\n<div class=\"embed-container\"><iframe src=\"https:\/\/www.youtube.com\/embed\/XZUAcDFiQBc\" frameborder=\"0\" allowfullscreen=\"allowfullscreen\"><\/iframe><\/div>\n<p>[\/vc_column_text][vc_masonry_media_grid element_width=&#8220;6&#8243; grid_id=&#8220;vc_gid:1643969397995-02e81802-9eff-10&#8243; include=&#8220;42565,42561,42556,42552&#8243;][\/vc_column][\/vc_row]<\/p>\n<\/div>","protected":false},"excerpt":{"rendered":"<p>Gammakameras mit kleinem und gro\u00dfem Sichtfeld und speziellem Softwarepaket f\u00fcr die Veterin\u00e4rmedizin.<\/p>\n","protected":false},"author":1,"featured_media":42622,"parent":42707,"menu_order":6,"comment_status":"closed","ping_status":"closed","template":"","meta":{"_acf_changed":false,"footnotes":""},"categories":[],"tags":[],"class_list":["post-42671","page","type-page","status-publish","has-post-thumbnail"],"acf":[],"_links":{"self":[{"href":"https:\/\/dev.mie-scintron.com\/de\/wp-json\/wp\/v2\/pages\/42671","targetHints":{"allow":["GET"]}}],"collection":[{"href":"https:\/\/dev.mie-scintron.com\/de\/wp-json\/wp\/v2\/pages"}],"about":[{"href":"https:\/\/dev.mie-scintron.com\/de\/wp-json\/wp\/v2\/types\/page"}],"author":[{"embeddable":true,"href":"https:\/\/dev.mie-scintron.com\/de\/wp-json\/wp\/v2\/users\/1"}],"replies":[{"embeddable":true,"href":"https:\/\/dev.mie-scintron.com\/de\/wp-json\/wp\/v2\/comments?post=42671"}],"version-history":[{"count":22,"href":"https:\/\/dev.mie-scintron.com\/de\/wp-json\/wp\/v2\/pages\/42671\/revisions"}],"predecessor-version":[{"id":51372,"href":"https:\/\/dev.mie-scintron.com\/de\/wp-json\/wp\/v2\/pages\/42671\/revisions\/51372"}],"up":[{"embeddable":true,"href":"https:\/\/dev.mie-scintron.com\/de\/wp-json\/wp\/v2\/pages\/42707"}],"wp:featuredmedia":[{"embeddable":true,"href":"https:\/\/dev.mie-scintron.com\/de\/wp-json\/wp\/v2\/media\/42622"}],"wp:attachment":[{"href":"https:\/\/dev.mie-scintron.com\/de\/wp-json\/wp\/v2\/media?parent=42671"}],"wp:term":[{"taxonomy":"category","embeddable":true,"href":"https:\/\/dev.mie-scintron.com\/de\/wp-json\/wp\/v2\/categories?post=42671"},{"taxonomy":"post_tag","embeddable":true,"href":"https:\/\/dev.mie-scintron.com\/de\/wp-json\/wp\/v2\/tags?post=42671"}],"curies":[{"name":"wp","href":"https:\/\/api.w.org\/{rel}","templated":true}]}}