{"id":39611,"date":"2020-08-07T12:28:56","date_gmt":"2020-08-07T10:28:56","guid":{"rendered":"https:\/\/mie-scintron.com\/service\/accessories\/fillable-flood-phantom\/"},"modified":"2025-04-07T16:22:18","modified_gmt":"2025-04-07T14:22:18","slug":"fillable-flood-phantom","status":"publish","type":"page","link":"https:\/\/dev.mie-scintron.com\/de\/service\/accessories\/fillable-flood-phantom\/","title":{"rendered":"Fu\u0308llbares Fl\u00e4chenphantom"},"content":{"rendered":"<div class=\"wpb-content-wrapper\"><p>[vc_row][vc_column width=&#8220;1\/2&#8243;][vc_single_image image=&#8220;39449&#8243; img_size=&#8220;large&#8220; onclick=&#8220;img_link_large&#8220;][vc_single_image image=&#8220;50153&#8243; img_size=&#8220;large&#8220; onclick=&#8220;img_link_large&#8220;][\/vc_column][vc_column width=&#8220;1\/2&#8243;][vc_column_text]<\/p>\n<h2 style=\"text-align: left;\">Fu\u0308llbares Tc99m Fl\u00e4chenphantom<\/h2>\n<p>[\/vc_column_text][vc_column_text]<\/p>\n<p class=\"p1\">Zur Qualit\u00e4tssicherung der Kamera-Homogenit\u00e4t. Eine vollst\u00e4ndige Durchmischung des Fu\u0308llphantoms erfolgt durch eine integrierte Umw\u00e4lzpumpe. Das Konstruktionsprinzip erm\u00f6glicht ein luftblasenfreies Gesichtsfeld. Durch die Komposite-Bauweise wird die Verformung der Messfl\u00e4chen vermieden.<\/p>\n<h5>Spezifikationen<\/h5>\n<p>eff. Gesichtsfeld : 400 mm x 540 mm<\/p>\n<p>ges. Gesichtsfeld : 440 mm x 580 mm<\/p>\n<p>Abmessung der Ku\u0308vette : 545 mm x 630 mm x 80 mm<\/p>\n<p>Abmessung mit Anbauteilen : 635 mm x 630 mm x 90 mm<\/p>\n<p>Fu\u0308llmenge : ca. 12 Liter Leergewicht : ca. 21 kg<\/p>\n<p>Material im Messbereich : 2&#215;20 mm Acrylglas \/ Glas<\/p>\n<p>Fu\u0308llmedium : destilliertes Wasser<\/p>\n<p>Betriebstemperatur : 15 \u00b0C \u2013 25 \u00b0C[\/vc_column_text][\/vc_column][\/vc_row]<\/p>\n<\/div>","protected":false},"excerpt":{"rendered":"<p>zur Qualit\u00e4tskontrolle<\/p>\n","protected":false},"author":1,"featured_media":39449,"parent":39570,"menu_order":5,"comment_status":"closed","ping_status":"closed","template":"","meta":{"_acf_changed":false,"footnotes":""},"categories":[],"tags":[497,500],"class_list":["post-39611","page","type-page","status-publish","has-post-thumbnail","tag-zubehor","tag-qualitatskontrolle"],"acf":[],"_links":{"self":[{"href":"https:\/\/dev.mie-scintron.com\/de\/wp-json\/wp\/v2\/pages\/39611","targetHints":{"allow":["GET"]}}],"collection":[{"href":"https:\/\/dev.mie-scintron.com\/de\/wp-json\/wp\/v2\/pages"}],"about":[{"href":"https:\/\/dev.mie-scintron.com\/de\/wp-json\/wp\/v2\/types\/page"}],"author":[{"embeddable":true,"href":"https:\/\/dev.mie-scintron.com\/de\/wp-json\/wp\/v2\/users\/1"}],"replies":[{"embeddable":true,"href":"https:\/\/dev.mie-scintron.com\/de\/wp-json\/wp\/v2\/comments?post=39611"}],"version-history":[{"count":13,"href":"https:\/\/dev.mie-scintron.com\/de\/wp-json\/wp\/v2\/pages\/39611\/revisions"}],"predecessor-version":[{"id":52297,"href":"https:\/\/dev.mie-scintron.com\/de\/wp-json\/wp\/v2\/pages\/39611\/revisions\/52297"}],"up":[{"embeddable":true,"href":"https:\/\/dev.mie-scintron.com\/de\/wp-json\/wp\/v2\/pages\/39570"}],"wp:featuredmedia":[{"embeddable":true,"href":"https:\/\/dev.mie-scintron.com\/de\/wp-json\/wp\/v2\/media\/39449"}],"wp:attachment":[{"href":"https:\/\/dev.mie-scintron.com\/de\/wp-json\/wp\/v2\/media?parent=39611"}],"wp:term":[{"taxonomy":"category","embeddable":true,"href":"https:\/\/dev.mie-scintron.com\/de\/wp-json\/wp\/v2\/categories?post=39611"},{"taxonomy":"post_tag","embeddable":true,"href":"https:\/\/dev.mie-scintron.com\/de\/wp-json\/wp\/v2\/tags?post=39611"}],"curies":[{"name":"wp","href":"https:\/\/api.w.org\/{rel}","templated":true}]}}