{"id":39599,"date":"2020-08-07T12:08:45","date_gmt":"2020-08-07T10:08:45","guid":{"rendered":"https:\/\/mie-scintron.com\/service\/accessories\/contamination-monitors\/"},"modified":"2025-04-07T16:20:34","modified_gmt":"2025-04-07T14:20:34","slug":"contamination-monitors","status":"publish","type":"page","link":"https:\/\/dev.mie-scintron.com\/de\/service\/accessories\/contamination-monitors\/","title":{"rendered":"Kontaminationsmonitore"},"content":{"rendered":"<div class=\"wpb-content-wrapper\"><p>[vc_row][vc_column][vc_column_text css=&#8220;&#8220;]<\/p>\n<h2 style=\"text-align: left;\">TRAGBARER KONTAMINATIONSMONITOR<\/h2>\n<p>[\/vc_column_text][vc_column_text css=&#8220;&#8220;]Die Kontaminationsmonitore der Serie LB 124 SCINT mit gleichzeitiger und getrennter Messung von Alpha- und Beta-Gammastrahlung basieren auf innovativer Szintillationstechnologie. Die kompakten und pr\u00e4zisen Kontaminationsmessger\u00e4te sind vielseitig und flexibel im praktischen Strahlenschutz einsetzbar.<\/p>\n<p>Die LB 124 SCINT-Serie hat ein attraktives und ergonomisches Design und ist aufgrund ihres geringen Gewichts einfach zu handhaben. Die Messergebnisse sind auf einem gro\u00dfen hochaufl\u00f6senden Display mit Hintergrundbeleuchtung auch unter ung\u00fcnstigen Bedingungen gut ablesbar.[\/vc_column_text][\/vc_column][\/vc_row][vc_row][vc_column width=&#8220;1\/3&#8243;][\/vc_column][vc_column width=&#8220;1\/3&#8243;][\/vc_column][vc_column width=&#8220;1\/3&#8243;][\/vc_column][\/vc_row][vc_row][vc_column width=&#8220;1\/2&#8243;][vc_single_image image=&#8220;50876&#8243; img_size=&#8220;full&#8220; onclick=&#8220;img_link_large&#8220; css=&#8220;&#8220;][\/vc_column][vc_column width=&#8220;1\/2&#8243;][vc_column_text css=&#8220;&#8220;]<\/p>\n<h2 style=\"text-align: left;\">LB 124 SCINT<\/h2>\n<p>[\/vc_column_text][vc_column_text css=&#8220;&#8220;]<\/p>\n<ul>\n<li class=\"p1\">Aktiven Messfl\u00e4che von 170 cm2<\/li>\n<li class=\"p1\">Gleichzeitige getrennte Messung von \u03b1- und \u03b2-\u03b3\u2013Strahlung<\/li>\n<li class=\"p1\">Kalibrierfaktoren f\u00fcr \u00fcber 50 Nuklide<\/li>\n<li class=\"p1\">Schutzgitter mit hoher Transparenz<\/li>\n<li class=\"p1\">Einstellbare Alarmschwellen<\/li>\n<li class=\"p1\">Akustischer Alarm<br \/>\nHohe Empfindlichkeit und gleichm\u00e4\u00dfiges Ansprechverm\u00f6gen<\/li>\n<li class=\"p1\">Leichtes handliches und \u00e4u\u00dferst robustes Ger\u00e4t<\/li>\n<li class=\"p1\">Anwendung \u00fcber einen weiten Temperaturbereich<\/li>\n<\/ul>\n<p>[\/vc_column_text][\/vc_column][\/vc_row][vc_row][vc_column width=&#8220;1\/2&#8243;][vc_single_image image=&#8220;50879&#8243; img_size=&#8220;full&#8220; onclick=&#8220;img_link_large&#8220; css=&#8220;&#8220;][\/vc_column][vc_column width=&#8220;1\/2&#8243;][vc_column_text css=&#8220;&#8220;]<\/p>\n<h2 style=\"text-align: left;\">LB 124 SCINT-D<\/h2>\n<p>[\/vc_column_text][vc_column_text css=&#8220;&#8220;]<\/p>\n<ul>\n<li class=\"p1\">Mobile Bestimmung von Kontaminationen und \u00c4quivalentdosisleistung H*(10)<\/li>\n<li class=\"p1\">Aktiven Messfl\u00e4che von 170 cm2<\/li>\n<li class=\"p1\">Zus\u00e4tzliche Gamma-Dosisleistungsmessung<\/li>\n<li class=\"p1\">Gleichzeitige, separate Messung von Alpha- und Beta-Gamma-Strahlung oder Gammadosisleistung (2 Kan\u00e4le)<\/li>\n<\/ul>\n<p>[\/vc_column_text][\/vc_column][\/vc_row]<\/p>\n<\/div>","protected":false},"excerpt":{"rendered":"<p>[vc_row][vc_column][vc_column_text css=&#8220;&#8220;] TRAGBARER KONTAMINATIONSMONITOR [\/vc_column_text][vc_column_text css=&#8220;&#8220;]Die Kontaminationsmonitore der Serie LB 124 SCINT mit gleichzeitiger und getrennter Messung von Alpha- und&#8230;<\/p>\n","protected":false},"author":1,"featured_media":50876,"parent":39570,"menu_order":10,"comment_status":"closed","ping_status":"closed","template":"","meta":{"_acf_changed":false,"footnotes":""},"categories":[],"tags":[497,499],"class_list":["post-39599","page","type-page","status-publish","has-post-thumbnail","tag-zubehor","tag-heislabor"],"acf":[],"_links":{"self":[{"href":"https:\/\/dev.mie-scintron.com\/de\/wp-json\/wp\/v2\/pages\/39599","targetHints":{"allow":["GET"]}}],"collection":[{"href":"https:\/\/dev.mie-scintron.com\/de\/wp-json\/wp\/v2\/pages"}],"about":[{"href":"https:\/\/dev.mie-scintron.com\/de\/wp-json\/wp\/v2\/types\/page"}],"author":[{"embeddable":true,"href":"https:\/\/dev.mie-scintron.com\/de\/wp-json\/wp\/v2\/users\/1"}],"replies":[{"embeddable":true,"href":"https:\/\/dev.mie-scintron.com\/de\/wp-json\/wp\/v2\/comments?post=39599"}],"version-history":[{"count":13,"href":"https:\/\/dev.mie-scintron.com\/de\/wp-json\/wp\/v2\/pages\/39599\/revisions"}],"predecessor-version":[{"id":52234,"href":"https:\/\/dev.mie-scintron.com\/de\/wp-json\/wp\/v2\/pages\/39599\/revisions\/52234"}],"up":[{"embeddable":true,"href":"https:\/\/dev.mie-scintron.com\/de\/wp-json\/wp\/v2\/pages\/39570"}],"wp:featuredmedia":[{"embeddable":true,"href":"https:\/\/dev.mie-scintron.com\/de\/wp-json\/wp\/v2\/media\/50876"}],"wp:attachment":[{"href":"https:\/\/dev.mie-scintron.com\/de\/wp-json\/wp\/v2\/media?parent=39599"}],"wp:term":[{"taxonomy":"category","embeddable":true,"href":"https:\/\/dev.mie-scintron.com\/de\/wp-json\/wp\/v2\/categories?post=39599"},{"taxonomy":"post_tag","embeddable":true,"href":"https:\/\/dev.mie-scintron.com\/de\/wp-json\/wp\/v2\/tags?post=39599"}],"curies":[{"name":"wp","href":"https:\/\/api.w.org\/{rel}","templated":true}]}}