{"id":39596,"date":"2020-08-07T12:04:27","date_gmt":"2020-08-07T10:04:27","guid":{"rendered":"https:\/\/mie-scintron.com\/service\/accessories\/dose-calibrators\/"},"modified":"2025-04-28T09:15:30","modified_gmt":"2025-04-28T07:15:30","slug":"dose-calibrators","status":"publish","type":"page","link":"https:\/\/dev.mie-scintron.com\/de\/service\/accessories\/dose-calibrators\/","title":{"rendered":"Aktivimeter"},"content":{"rendered":"<div class=\"wpb-content-wrapper\"><p>[vc_row full_width=&#8220;stretch_row&#8220; css=&#8220;.vc_custom_1526212774344{margin-top: 0px !important;margin-bottom: 0px !important;padding-top: 0px !important;padding-bottom: 0px !important;background-color: #0072bb !important;}&#8220; el_id=&#8220;stickysubmenu&#8220;][vc_column css=&#8220;.vc_custom_1526212779508{margin-top: 0px !important;margin-bottom: 0px !important;padding-top: 0px !important;padding-bottom: 0px !important;}&#8220;][vc_column_text css=&#8220;.vc_custom_1701430792130{margin-bottom: 0px !important;}&#8220;]\n<!-- UberMenu [Configuration:secondary_menu] [Theme Loc:] [Integration:api] -->\n<a class=\"ubermenu-responsive-toggle ubermenu-responsive-toggle-secondary_menu ubermenu-skin-minimal ubermenu-loc- ubermenu-responsive-toggle-content-align-center ubermenu-responsive-toggle-align-full \" tabindex=\"0\" data-ubermenu-target=\"ubermenu-secondary_menu-625\" role=\"button\" aria-controls=\"ubermenu-secondary_menu-625\" aria-label=\"Toggle dose-calibrators-german\"><i class=\"fas fa-bars\" aria-hidden=\"true\"><\/i>JUMP TO<\/a><nav id=\"ubermenu-secondary_menu-625\" class=\"ubermenu ubermenu-nojs ubermenu-secondary_menu ubermenu-menu-625 ubermenu-responsive ubermenu-responsive-single-column ubermenu-responsive-single-column-subs ubermenu-responsive-979 ubermenu-responsive-collapse ubermenu-horizontal ubermenu-transition-shift ubermenu-trigger-hover_intent ubermenu-skin-minimal  ubermenu-bar-align-full ubermenu-items-align-center ubermenu-disable-submenu-scroll ubermenu-retractors-responsive ubermenu-submenu-indicator-closes\"><ul id=\"ubermenu-nav-secondary_menu-622\" class=\"ubermenu-nav\" data-title=\"dose-calibrators-german\"><li id=\"menu-item-50084\" class=\"ubermenu-item ubermenu-item-type-custom ubermenu-item-object-custom ubermenu-item-50084 ubermenu-item-level-0 ubermenu-column ubermenu-column-auto\" ><a class=\"ubermenu-target ubermenu-item-layout-default ubermenu-item-layout-text_only\" href=\"#CRC-55T\" tabindex=\"0\" data-ps2id-api=\"true\"><span class=\"ubermenu-target-title ubermenu-target-text\">CRC-55T R \/ PET<\/span><\/a><\/li><li id=\"menu-item-50085\" class=\"ubermenu-item ubermenu-item-type-custom ubermenu-item-object-custom ubermenu-item-50085 ubermenu-item-level-0 ubermenu-column ubermenu-column-auto\" ><a class=\"ubermenu-target ubermenu-item-layout-default ubermenu-item-layout-text_only\" href=\"#CRC-55T\" tabindex=\"0\" data-ps2id-api=\"true\"><span class=\"ubermenu-target-title ubermenu-target-text\">CRC-77T HR<\/span><\/a><\/li><li id=\"menu-item-50086\" class=\"ubermenu-item ubermenu-item-type-custom ubermenu-item-object-custom ubermenu-item-50086 ubermenu-item-level-0 ubermenu-column ubermenu-column-auto\" ><a class=\"ubermenu-target ubermenu-item-layout-default ubermenu-item-layout-text_only\" href=\"#crc-smart-chamber\" tabindex=\"0\" data-ps2id-api=\"true\"><span class=\"ubermenu-target-title ubermenu-target-text\">CRC SMART CHAMBER HL \/ RPH<\/span><\/a><\/li><li id=\"menu-item-50087\" class=\"ubermenu-item ubermenu-item-type-custom ubermenu-item-object-custom ubermenu-item-50087 ubermenu-item-level-0 ubermenu-column ubermenu-column-auto\" ><a class=\"ubermenu-target ubermenu-item-layout-default ubermenu-item-layout-text_only\" href=\"#other\" tabindex=\"0\" data-ps2id-api=\"true\"><span class=\"ubermenu-target-title ubermenu-target-text\">Weiteres Zubeh\u00f6r und Dienstleistungen<\/span><\/a><\/li><li id=\"menu-item-50088\" class=\"ubermenu-item ubermenu-item-type-custom ubermenu-item-object-custom ubermenu-item-50088 ubermenu-item-level-0 ubermenu-column ubermenu-column-auto\" ><a class=\"ubermenu-target ubermenu-item-layout-default ubermenu-item-layout-text_only\" href=\"#contact\" tabindex=\"0\" data-ps2id-api=\"true\"><span class=\"ubermenu-target-title ubermenu-target-text\">Angebot anfordern<\/span><\/a><\/li><\/ul><\/nav>\n<!-- End UberMenu -->\n[\/vc_column_text][\/vc_column][\/vc_row][vc_row content_placement=&#8220;middle&#8220;][vc_column width=&#8220;1\/3&#8243;][vc_single_image image=&#8220;36495&#8243; img_size=&#8220;large&#8220;][\/vc_column][vc_column width=&#8220;1\/3&#8243;][vc_column_text]<\/p>\n<p style=\"text-align: center;\">Wir sind Servicepartner von CAPINTEC \/ MIRION.<\/p>\n<p>[\/vc_column_text][\/vc_column][vc_column width=&#8220;1\/3&#8243;][vc_single_image image=&#8220;49558&#8243; img_size=&#8220;large&#8220;][\/vc_column][\/vc_row][vc_row el_id=&#8220;CRC-55T&#8220;][vc_column width=&#8220;1\/2&#8243;][vc_single_image image=&#8220;49572&#8243; img_size=&#8220;large&#8220;][\/vc_column][vc_column width=&#8220;1\/2&#8243;][vc_column_text]<\/p>\n<h2 class=\"texttransform_none\">CRC-55t R \/ PET<br \/>\nCRC-77t HR<\/h2>\n<p>\n[\/vc_column_text][vc_column_text]<\/p>\n<h3>BESONDERE EIGENSCHAFTEN<\/h3>\n<p><\/p>\n<ul>\n<li>Optimale Geometrie der Messkammer f\u00fcr zuverl\u00e4ssige, reproduzierbare Ergebnisse<\/li>\n<li>8 individuelle Hotkeys f\u00fcr die am h\u00e4ufigsten verwendeten Nuklide<\/li>\n<li>Aktualisierung des Live-Displays w\u00e4hrend der Probenmessung<\/li>\n<li>Automatisierte Qualit\u00e4tskontrolle<\/li>\n<li>8&#8243; LCD-Touchscreen-Display mit intuitiver Benutzeroberfl\u00e4che<\/li>\n<li>\u00dcber 80 voreingestellte Nuklide &#8211; weitere k\u00f6nnen hinzugef\u00fcgt werden<\/li>\n<li>Bleigeschirmte Messkammer<\/li>\n<\/ul>\n<p>[\/vc_column_text][vc_column_text]<\/p>\n<h3>Messbereiche<\/h3>\n<p><\/p>\n<table class=\"tab\">\n<tbody>\n<tr>\n<td class=\"first\" style=\"text-align: right;\">CRC-55t R:<\/td>\n<td class=\"first\">max. 222 GBq (6 Ci) Tc99m, 74 GBq (2 Ci) F18<\/td>\n<\/tr>\n<tr>\n<td class=\"second\" style=\"text-align: right;\">CRC-55t PET:<\/td>\n<td class=\"second\">max. 2664 GBq (72 Ci) Tc99m, 740 GBq (20 Ci) F18<\/td>\n<\/tr>\n<tr>\n<td class=\"second\" style=\"text-align: right;\">CRC-77t HR:<\/td>\n<td class=\"second\">max. 15 TBq (400 Ci) Tc99m, max. 4.8 TBq (130 Ci) F18<\/td>\n<\/tr>\n<\/tbody>\n<\/table>\n<p>\u200b\u200b\u200b<\/p>\n<style>\n.tab {border-collapse:collapse;}<br \/>.tab .first {border-bottom:1px solid #EEE;}<br \/>.tab .second {border-top:1px solid #CCC;box-shadow: inset 0 1px 0 #CCC;}\u200b<br \/><\/style>\n<p>[\/vc_column_text][\/vc_column][\/vc_row][vc_row el_id=&#8220;crc-smart-chamber&#8220;][vc_column width=&#8220;1\/2&#8243;][vc_column_text]<\/p>\n<h2 class=\"texttransform_none\">CRC Smart Chamber HL \/ RPh<\/h2>\n<p>\n[\/vc_column_text][vc_column_text]<\/p>\n<h3>BESONDERE EIGENSCHAFTEN<\/h3>\n<p><\/p>\n<ul>\n<li>Optimale Geometrie der Messkammer f\u00fcr zuverl\u00e4ssige, reproduzierbare Ergebnisse<\/li>\n<li>Bedienung \u00fcber Webbrowser<\/li>\n<li>Aktualisierung der Live-Anzeige w\u00e4hrend der Probenmessung<\/li>\n<li>Automatisierte Qualit\u00e4tskontrolle<\/li>\n<li>Erh\u00e4ltlich mit oder ohne Laptop<\/li>\n<li>Kommunikation \u00fcber Ethernet, Stromversorgung \u00fcber USB<\/li>\n<li>Kommunikationsprotokoll auf Anfrage erh\u00e4ltlich<\/li>\n<li>Bleigeschirmte Messkammer<\/li>\n<\/ul>\n<p>[\/vc_column_text][vc_column_text]<\/p>\n<h3>MESSBEREICHE<\/h3>\n<p><\/p>\n<table class=\"tab\">\n<tbody>\n<tr>\n<td class=\"first\" style=\"text-align: right;\">CRC Smart Chamber HL:<\/td>\n<td class=\"first\">max. 222 GBq (6 Ci) Tc99m, 74 GBq (2 Ci) F18<\/td>\n<\/tr>\n<tr>\n<td class=\"second\" style=\"text-align: right;\">CRC Smart Chamber RPh:<\/td>\n<td class=\"second\">max. 2664 GBq (72 Ci) Tc99m, 740 GBq (20 Ci) F18<\/td>\n<\/tr>\n<\/tbody>\n<\/table>\n<p>\u200b\u200b\u200b<\/p>\n<style>\n.tab {border-collapse:collapse;}<br \/>.tab .first {border-bottom:1px solid #EEE;}<br \/>.tab .second {border-top:1px solid #CCC;box-shadow: inset 0 1px 0 #CCC;}\u200b<br \/><\/style>\n<p>[\/vc_column_text][\/vc_column][vc_column width=&#8220;1\/2&#8243;][vc_single_image image=&#8220;49576&#8243; img_size=&#8220;large&#8220;][\/vc_column][\/vc_row][vc_row el_id=&#8220;other&#8220;][vc_column width=&#8220;1\/2&#8243;][vc_single_image image=&#8220;49584&#8243; img_size=&#8220;large&#8220;][\/vc_column][vc_column width=&#8220;1\/2&#8243;][vc_column_text]<\/p>\n<h3>Other accessories and services<\/h3>\n<p><\/p>\n<ul>\n<li>Systeminspektion und -reparatur<\/li>\n<li>Drucker<\/li>\n<li>Testquelle auf Anfrage<\/li>\n<li>Und vieles mehr<\/li>\n<\/ul>\n<p>[\/vc_column_text][\/vc_column][\/vc_row][vc_row el_id=&#8220;contact&#8220;][vc_column][vc_column_text css=&#8220;.vc_custom_1702026448616{padding-top: 50px !important;padding-bottom: 50px !important;}&#8220;]<\/p>\n<h4 style=\"text-align: center;\"><span style=\"font-weight: 400;\">Kurze Lieferzeiten ab Lager<\/span><\/h4>\n<p>[\/vc_column_text][vc_column_text]<div id=\"multi-step-form\" class=\"fw-wizard\" data-stepCount=\"2\" data-wizardid=\"5\">\n    <div class=\"fw-wizard-step-header-container\">\n        <div class=\"fw-container\" data-redirect=\"\">\n                <div class=\"fw-wizard-step-header\" data-stepId=\"0\">\n            <span class=\"msf-h2\">Angebot anfordern<\/span>\n            <p class=\"fw-copytext\">Beschreibung der Schritte<\/p>\n        <\/div>\n                <div class=\"fw-wizard-step-header\" data-stepId=\"1\">\n            <span class=\"msf-h2\"><\/span>\n            <p class=\"fw-copytext\"><\/p>\n        <\/div>\n                <\/div>\n    <\/div>\n    <div class=\"fw-progress-bar-container \">\n        <div class=\"fw-container\">\n    <div class=\"fw-progress-wrap\">\n    <ul class=\"fw-progress-bar\"\n        data-activecolor=\"#0074bb\"\n        data-donecolor=\"#0074bb\"\n        data-nextcolor=\"#aaa\"\n        data-buttoncolor=\"#0074bb\">\n                <li class=\"fw-progress-step\"\n            data-id=\"0\">\n            <span class=\"fw-progress-bar-bar\"><\/span>\n            <span class=\"fw-txt-ellipsis\" data-title=\"Interessiert an\">Interessiert an<\/span>\n                    <\/li>\n                    <li class=\"fw-progress-step\"\n            data-id=\"1\">\n            <span class=\"fw-progress-bar-bar\"><\/span>\n            <span class=\"fw-txt-ellipsis\" data-title=\"Kontaktinformationen\">Kontaktinformationen<\/span>\n                    <\/li>\n                <\/ul>\n<\/div>\n        <\/div>\n    <\/div>\n    <div class=\"fw-wizard-step-container\">\n        <div class=\"fw-container\">\n                    <div class=\"fw-wizard-step\" data-stepId=\"0\">\n                <div class=\"fw-step-part \" data-partId=\"0\">\n\t<span class=\"fw-step-part-title \">\n\t\t\tAuswahl\t<\/span>\n\t<div class=\"fw-clearfix\"><\/div>\n\t<div class=\"fw-step-part-body\">\n\t\t\t\t\t\t\t\t\t<div class=\"fw-step-block\" data-blockId=\"5\" data-type=\"fw-radio\" data-required=\"true\">\n\t\t\t\t\t\t\t\t<span class=\"msf-h3\">Interessiert an<\/span>\n\t\t\t\t\t<br>\n\t\t\t\t\t\t\t\t\t\t<div class=\"fw-choice fw-input-container\" data-type=\"fw-checkbox\">\n\t\t\t\t\t\t<input id=\"fw-5-0-0-0-1\" type=\"checkbox\" class=\"fw-checkbox\" name=\"fw-5-0-0-0\" data-id=\"1\">\n\t\t\t\t\t\t<label for=\"fw-5-0-0-0-1\" data-labelId=\"1\">CRC-55T PET<\/label>\n\t\t\t\t\t<\/div>\n\t\t\t\t\t\t\t\t\t\t<div class=\"fw-choice fw-input-container\" data-type=\"fw-checkbox\">\n\t\t\t\t\t\t<input id=\"fw-5-0-0-0-2\" type=\"checkbox\" class=\"fw-checkbox\" name=\"fw-5-0-0-0\" data-id=\"2\">\n\t\t\t\t\t\t<label for=\"fw-5-0-0-0-2\" data-labelId=\"2\">CRC-55T R<\/label>\n\t\t\t\t\t<\/div>\n\t\t\t\t\t\t\t\t\t\t<div class=\"fw-choice fw-input-container\" data-type=\"fw-checkbox\">\n\t\t\t\t\t\t<input id=\"fw-5-0-0-0-3\" type=\"checkbox\" class=\"fw-checkbox\" name=\"fw-5-0-0-0\" data-id=\"3\">\n\t\t\t\t\t\t<label for=\"fw-5-0-0-0-3\" data-labelId=\"3\">CRC SMART CHAMBER HL<\/label>\n\t\t\t\t\t<\/div>\n\t\t\t\t\t\t\t\t\t\t<div class=\"fw-choice fw-input-container\" data-type=\"fw-checkbox\">\n\t\t\t\t\t\t<input id=\"fw-5-0-0-0-4\" type=\"checkbox\" class=\"fw-checkbox\" name=\"fw-5-0-0-0\" data-id=\"4\">\n\t\t\t\t\t\t<label for=\"fw-5-0-0-0-4\" data-labelId=\"4\">CRC SMART CHAMBER RPH<\/label>\n\t\t\t\t\t<\/div>\n\t\t\t\t\t\t\t\t\t\t<div class=\"fw-choice fw-input-container\" data-type=\"fw-checkbox\">\n\t\t\t\t\t\t<input id=\"fw-5-0-0-0-5\" type=\"checkbox\" class=\"fw-checkbox\" name=\"fw-5-0-0-0\" data-id=\"5\">\n\t\t\t\t\t\t<label for=\"fw-5-0-0-0-5\" data-labelId=\"5\">Service<\/label>\n\t\t\t\t\t<\/div>\n\t\t\t\t\t\t\t\t\t\t<div class=\"fw-choice fw-input-container\" data-type=\"fw-checkbox\">\n\t\t\t\t\t\t<input id=\"fw-5-0-0-0-6\" type=\"checkbox\" class=\"fw-checkbox\" name=\"fw-5-0-0-0\" data-id=\"6\">\n\t\t\t\t\t\t<label for=\"fw-5-0-0-0-6\" data-labelId=\"6\">Ich w\u00fcnsche eine Beratung<\/label>\n\t\t\t\t\t<\/div>\n\t\t\t\t\t\t\t<\/div>\n\t\t\t\t\t\t<\/div>\n<\/div>\n\t\t\t                <div class=\"fw-clearfix\"><\/div>\n            <\/div>\n                        <div class=\"fw-wizard-step\" data-stepId=\"1\">\n                <div class=\"fw-step-part \" data-partId=\"0\">\n\t<span class=\"fw-step-part-title \">\n\t\t\tKontaktinformationen\t<\/span>\n\t<div class=\"fw-clearfix\"><\/div>\n\t<div class=\"fw-step-part-body\">\n\t\t\t\t\t\t\t\t\t<div class=\"fw-step-block\" data-blockId=\"5\" data-type=\"fw-text\" data-required=\"true\">\n\t\t\t<div class=\"fw-input-container\">\n\t\t\t\t<label for=\"msf-text-ihr-name\"><span class=\"msf-h3\">Ihr Name<\/span><\/label>\n\t\t\t\t<input \n\t\t\t\t\ttype=\"text\" \n\t\t\t\t\tclass=\"fw-text-input\" \n\t\t\t\t\tid=\"msf-text-ihr-name\"\n\t\t\t\t\tdata-id=\"text\">\n\t\t\t\t<span class=\"fa fa-pencil form-control-feedback\" aria-hidden=\"true\"><\/span>\n\t\t\t<\/div>\n\t\t\t<div class=\"fw-clearfix\"><\/div>\n\t\t<\/div>\n\t\t\t\t\t\t\t\t\t\t\t<div class=\"fw-step-block\" data-blockId=\"5\" data-type=\"fw-text\" data-required=\"false\">\n\t\t\t<div class=\"fw-input-container\">\n\t\t\t\t<label for=\"msf-text-unternehmen\"><span class=\"msf-h3\">Unternehmen<\/span><\/label>\n\t\t\t\t<input \n\t\t\t\t\ttype=\"text\" \n\t\t\t\t\tclass=\"fw-text-input\" \n\t\t\t\t\tid=\"msf-text-unternehmen\"\n\t\t\t\t\tdata-id=\"text\">\n\t\t\t\t<span class=\"fa fa-pencil form-control-feedback\" aria-hidden=\"true\"><\/span>\n\t\t\t<\/div>\n\t\t\t<div class=\"fw-clearfix\"><\/div>\n\t\t<\/div>\n\t\t\t\t\t\t\t\t\t\t\t<div class=\"fw-step-block\" data-blockId=\"5\" data-type=\"fw-text\" data-required=\"true\">\n\t\t\t<div class=\"fw-input-container\">\n\t\t\t\t<label for=\"msf-text-land\"><span class=\"msf-h3\">Land<\/span><\/label>\n\t\t\t\t<input \n\t\t\t\t\ttype=\"text\" \n\t\t\t\t\tclass=\"fw-text-input\" \n\t\t\t\t\tid=\"msf-text-land\"\n\t\t\t\t\tdata-id=\"text\">\n\t\t\t\t<span class=\"fa fa-pencil form-control-feedback\" aria-hidden=\"true\"><\/span>\n\t\t\t<\/div>\n\t\t\t<div class=\"fw-clearfix\"><\/div>\n\t\t<\/div>\n\t\t\t\t\t\t\t\t\t\t\t<div class=\"fw-step-block\" data-blockId=\"5\" data-type=\"fw-text\" data-required=\"false\">\n\t\t\t<div class=\"fw-input-container\">\n\t\t\t\t<label for=\"msf-text-telefonnummer\"><span class=\"msf-h3\">Telefonnummer<\/span><\/label>\n\t\t\t\t<input \n\t\t\t\t\ttype=\"text\" \n\t\t\t\t\tclass=\"fw-text-input\" \n\t\t\t\t\tid=\"msf-text-telefonnummer\"\n\t\t\t\t\tdata-id=\"text\">\n\t\t\t\t<span class=\"fa fa-pencil form-control-feedback\" aria-hidden=\"true\"><\/span>\n\t\t\t<\/div>\n\t\t\t<div class=\"fw-clearfix\"><\/div>\n\t\t<\/div>\n\t\t\t\t\t\t\t\t\t\t\t<div class=\"fw-step-block\" data-blockId=\"5\" data-type=\"fw-email\" data-required=\"true\">\n\t\t\t<div class=\"fw-input-container\">\n\t\t\t\t<label for=\"msf-mail-e-mail\"><span class=\"msf-h3\">E-Mail<\/span><\/label>\n\t\t\t\t<input type=\"text\" id=\"msf-mail-e-mail\"  class=\"fw-text-input one\" data-id=\"email\">\n\t\t\t\t<span class=\"fa fa-envelope form-control-feedback\" aria-hidden=\"true\"><\/span>\n\t\t\t<\/div>\n\t\t\t\t\t\t<div class=\"fw-clearfix\"><\/div>\n\t\t<\/div>\n\t  \t\t\t\t<\/div>\n<\/div>\n\t\t\t                        <div class=\"fw-summary-container\">\n                            <button type=\"button\" class=\"fw-toggle-summary\">ZUSAMMENFASSUNG ANZEIGEN<\/button>\n                            <div id=\"wizard-summary\" class=\"fw-wizard-summary\" style=\"display:none;\" data-showsummary=\"on\">\n                            <div class=\"fw-summary-alert\">Einige Pflichtfelder sind noch nicht ausgef\u00fcllt.<br>Bitte \u00fcberpr\u00fcfe die markierten Felder.<\/div>\n                            <\/div>\n                        <\/div>\n                                            <button type=\"button\" class=\"fw-btn-submit\">Absenden<\/button>\n                                <div class=\"fw-clearfix\"><\/div>\n            <\/div>\n                    <\/div>\n    <\/div>\n        <div class=\"fw-wizard-button-container\">\n        <div class=\"fw-container\">\n            <div class=\"fw-wizard-buttons\">\n                <button class=\"fw-button-previous\"><i class=\"fa fa-arrow-circle-left\" aria-hidden=\"true\"><\/i> &nbsp;Zur\u00fcck<\/button>\n                <button class=\"fw-button-next\">Weiter &nbsp;<i class=\"fa fa-arrow-circle-right\" aria-hidden=\"true\"><\/i><\/button>\n            <\/div>\n        <\/div>\n    <\/div>\n        <div class=\"fw-alert-user\" style=\"display:none;\"><\/div>\n<\/div>\n[\/vc_column_text][\/vc_column][\/vc_row]<\/p>\n<\/div>","protected":false},"excerpt":{"rendered":"<p>[vc_row full_width=&#8220;stretch_row&#8220; css=&#8220;.vc_custom_1526212774344{margin-top: 0px !important;margin-bottom: 0px !important;padding-top: 0px !important;padding-bottom: 0px !important;background-color: #0072bb !important;}&#8220; el_id=&#8220;stickysubmenu&#8220;][vc_column css=&#8220;.vc_custom_1526212779508{margin-top: 0px !important;margin-bottom: 0px !important;padding-top: 0px&#8230;<\/p>\n","protected":false},"author":1,"featured_media":42652,"parent":39570,"menu_order":0,"comment_status":"closed","ping_status":"closed","template":"","meta":{"_acf_changed":false,"footnotes":""},"categories":[],"tags":[497,499],"class_list":["post-39596","page","type-page","status-publish","has-post-thumbnail","tag-zubehor","tag-heislabor"],"acf":[],"_links":{"self":[{"href":"https:\/\/dev.mie-scintron.com\/de\/wp-json\/wp\/v2\/pages\/39596","targetHints":{"allow":["GET"]}}],"collection":[{"href":"https:\/\/dev.mie-scintron.com\/de\/wp-json\/wp\/v2\/pages"}],"about":[{"href":"https:\/\/dev.mie-scintron.com\/de\/wp-json\/wp\/v2\/types\/page"}],"author":[{"embeddable":true,"href":"https:\/\/dev.mie-scintron.com\/de\/wp-json\/wp\/v2\/users\/1"}],"replies":[{"embeddable":true,"href":"https:\/\/dev.mie-scintron.com\/de\/wp-json\/wp\/v2\/comments?post=39596"}],"version-history":[{"count":26,"href":"https:\/\/dev.mie-scintron.com\/de\/wp-json\/wp\/v2\/pages\/39596\/revisions"}],"predecessor-version":[{"id":52756,"href":"https:\/\/dev.mie-scintron.com\/de\/wp-json\/wp\/v2\/pages\/39596\/revisions\/52756"}],"up":[{"embeddable":true,"href":"https:\/\/dev.mie-scintron.com\/de\/wp-json\/wp\/v2\/pages\/39570"}],"wp:featuredmedia":[{"embeddable":true,"href":"https:\/\/dev.mie-scintron.com\/de\/wp-json\/wp\/v2\/media\/42652"}],"wp:attachment":[{"href":"https:\/\/dev.mie-scintron.com\/de\/wp-json\/wp\/v2\/media?parent=39596"}],"wp:term":[{"taxonomy":"category","embeddable":true,"href":"https:\/\/dev.mie-scintron.com\/de\/wp-json\/wp\/v2\/categories?post=39596"},{"taxonomy":"post_tag","embeddable":true,"href":"https:\/\/dev.mie-scintron.com\/de\/wp-json\/wp\/v2\/tags?post=39596"}],"curies":[{"name":"wp","href":"https:\/\/api.w.org\/{rel}","templated":true}]}}