{"id":38529,"date":"2019-10-02T12:46:34","date_gmt":"2019-10-02T10:46:34","guid":{"rendered":"https:\/\/mie-scintron.com\/scintron\/pet-software\/3d-acquisition\/"},"modified":"2019-10-02T12:46:36","modified_gmt":"2019-10-02T10:46:36","slug":"3d-acquisition","status":"publish","type":"page","link":"https:\/\/dev.mie-scintron.com\/de\/pet-software\/3d-acquisition\/","title":{"rendered":"3D Aufnahmen"},"content":{"rendered":"<div class=\"wpb-content-wrapper\"><p>[vc_row equal_height=&#8220;yes&#8220; content_placement=&#8220;middle&#8220;][vc_column width=&#8220;1\/2&#8243;][vc_single_image image=&#8220;34236&#8243; img_size=&#8220;full&#8220; add_caption=&#8220;yes&#8220; onclick=&#8220;img_link_large&#8220;][\/vc_column][vc_column width=&#8220;1\/2&#8243;][vc_column_text]<\/p>\n<h3><strong>3D Aufnahme mit CASCADE Streuungskorrektur<\/strong><\/h3>\n<h6>erlaubt eine niedrigere Cardiac PET Dosis zwischen 9 mCi (N-13) und 30 mCI (Rb-82) ohne Einbu\u00dfen bei der Bildqualit\u00e4t. Geringere Strahlungsdosis bedeutet geringere Exposition f\u00fcr Patient und Anwender.<\/h6>\n<p>[\/vc_column_text][\/vc_column][\/vc_row]<\/p>\n<\/div>","protected":false},"excerpt":{"rendered":"<p>[vc_row equal_height=&#8220;yes&#8220; content_placement=&#8220;middle&#8220;][vc_column width=&#8220;1\/2&#8243;][vc_single_image image=&#8220;34236&#8243; img_size=&#8220;full&#8220; add_caption=&#8220;yes&#8220; onclick=&#8220;img_link_large&#8220;][\/vc_column][vc_column width=&#8220;1\/2&#8243;][vc_column_text] 3D Aufnahme mit CASCADE Streuungskorrektur erlaubt eine niedrigere Cardiac PET Dosis&#8230;<\/p>\n","protected":false},"author":1,"featured_media":38524,"parent":38339,"menu_order":0,"comment_status":"closed","ping_status":"closed","template":"","meta":{"_acf_changed":false,"footnotes":""},"categories":[466],"tags":[],"class_list":["post-38529","page","type-page","status-publish","has-post-thumbnail","category-pet-software-de"],"acf":[],"_links":{"self":[{"href":"https:\/\/dev.mie-scintron.com\/de\/wp-json\/wp\/v2\/pages\/38529","targetHints":{"allow":["GET"]}}],"collection":[{"href":"https:\/\/dev.mie-scintron.com\/de\/wp-json\/wp\/v2\/pages"}],"about":[{"href":"https:\/\/dev.mie-scintron.com\/de\/wp-json\/wp\/v2\/types\/page"}],"author":[{"embeddable":true,"href":"https:\/\/dev.mie-scintron.com\/de\/wp-json\/wp\/v2\/users\/1"}],"replies":[{"embeddable":true,"href":"https:\/\/dev.mie-scintron.com\/de\/wp-json\/wp\/v2\/comments?post=38529"}],"version-history":[{"count":0,"href":"https:\/\/dev.mie-scintron.com\/de\/wp-json\/wp\/v2\/pages\/38529\/revisions"}],"up":[{"embeddable":true,"href":"https:\/\/dev.mie-scintron.com\/de\/wp-json\/wp\/v2\/pages\/38339"}],"wp:featuredmedia":[{"embeddable":true,"href":"https:\/\/dev.mie-scintron.com\/de\/wp-json\/wp\/v2\/media\/38524"}],"wp:attachment":[{"href":"https:\/\/dev.mie-scintron.com\/de\/wp-json\/wp\/v2\/media?parent=38529"}],"wp:term":[{"taxonomy":"category","embeddable":true,"href":"https:\/\/dev.mie-scintron.com\/de\/wp-json\/wp\/v2\/categories?post=38529"},{"taxonomy":"post_tag","embeddable":true,"href":"https:\/\/dev.mie-scintron.com\/de\/wp-json\/wp\/v2\/tags?post=38529"}],"curies":[{"name":"wp","href":"https:\/\/api.w.org\/{rel}","templated":true}]}}