{"id":37731,"date":"2019-09-09T14:47:51","date_gmt":"2019-09-09T12:47:51","guid":{"rendered":"https:\/\/mie-scintron.com\/software-planar\/whole-body-scan\/"},"modified":"2021-02-01T13:46:52","modified_gmt":"2021-02-01T11:46:52","slug":"whole-body-scan","status":"publish","type":"page","link":"https:\/\/dev.mie-scintron.com\/de\/planar-software\/whole-body-scan\/","title":{"rendered":"Knochen &#8211; Ganzk\u00f6rper"},"content":{"rendered":"<div class=\"wpb-content-wrapper\"><p>[vc_row equal_height=&#8220;yes&#8220; content_placement=&#8220;top&#8220;][vc_column width=&#8220;1\/2&#8243;]<div style=\"visibility: hidden;\" id=\"carousel-anything-1\" class=\"gambit-carousel-anything carousel-anything-container owl-ca-carousel  has-arrows ca-equal-height\" data-slide-anim=\"fadeInLeft\" data-rtl=\"false\" data-items=\"1\"data-totalitems=\"3\" data-scroll_per_page=\"\" data-autoplay=\"5000\"data-items-tablet=\"1\" data-items-mobile=\"1\" data-stop-on-hover=\"true\" data-speed-scroll=\"800\" data-speed-rewind=\"1000\"data-thumbnails=\"both\" data-navigation=\"true\" data-touchdrag=\"false\" data-keyboard=\"cursor\" data-alignment=\"50\" data-loop=\"false\" data-rewind=\"false\" data-center=\"true\"data-start=\"0\">[vc_row_inner][vc_column_inner][vc_single_image image=&#8220;33444&#8243; img_size=&#8220;full&#8220; onclick=&#8220;img_link_large&#8220;][\/vc_column_inner][\/vc_row_inner][vc_row_inner][vc_column_inner][vc_single_image image=&#8220;33743&#8243; img_size=&#8220;full&#8220; onclick=&#8220;link_image&#8220;][\/vc_column_inner][\/vc_row_inner][vc_row_inner][vc_column_inner][vc_single_image image=&#8220;33744&#8243; img_size=&#8220;full&#8220; onclick=&#8220;link_image&#8220;][\/vc_column_inner][\/vc_row_inner]<\/div>[\/vc_column][vc_column width=&#8220;1\/2&#8243;][vc_column_text]<\/p>\n<h3>Knochen &#8211; Ganzk\u00f6rper<\/h3>\n<p>Das Programm dient der Auswertung von Ganzk\u00f6rperszintigrammen jeglicher Art. Sowohl Knochenszintigrafien als auch Ganzk\u00f6rperaufnahmen mit In-111 und weiteren Radiopharmaka k\u00f6nnen mit dem Programm ausgewertet und vergleichen werden.<\/p>\n<ul class=\"arrow-list\">\n<li class=\"p2\">Dual Intensity Darstellung von dorsal und ventral Aufnahmen<\/li>\n<li class=\"p2\">Iliosakralgelenk-Auswertung direkt im Ganzk\u00f6rperscan<\/li>\n<li class=\"p2\">Werkzeuge zum Ausschneiden und Zoomen von Bildern bzw. Bildausschnitten<\/li>\n<li class=\"p2\">Maximum Limit zur Begrenzung hei\u00dfer Pixelwerte<\/li>\n<li class=\"p2\">Dekonvolution Filter zur Kantensch\u00e4rfung und zum Entrauschen der Bilder<\/li>\n<\/ul>\n<p>[\/vc_column_text][\/vc_column][\/vc_row][vc_row disable_element=&#8220;yes&#8220;][vc_column][vc_column_text]<\/p>\n<h6>To shorten acquisition time while improving the image quality modern iterative recon- struction methods are used.<\/h6>\n<p align=\"LEFT\">The whole body SPECT program stitches the acquisitions of the individual bed positions automatically, normalizes them and gives a clear display presentation.<\/p>\n<ul>\n<li>MIP display for a good overview<\/li>\n<li>free numbers of up to five bed positions<\/li>\n<li>interpretation of each bed position without limitations possible<\/li>\n<li>diagnosis of body details, regardless of the FOV<\/li>\n<li>short acquisition times via 3D OSEM reconstruction (DROSEM)<\/li>\n<\/ul>\n<p>[\/vc_column_text][\/vc_column][\/vc_row]<\/p>\n<\/div>","protected":false},"excerpt":{"rendered":"<p>[vc_row equal_height=&#8220;yes&#8220; content_placement=&#8220;top&#8220;][vc_column width=&#8220;1\/2&#8243;][\/vc_column][vc_column width=&#8220;1\/2&#8243;][vc_column_text] Knochen &#8211; Ganzk\u00f6rper Das Programm dient der Auswertung von Ganzk\u00f6rperszintigrammen jeglicher Art. Sowohl Knochenszintigrafien als&#8230;<\/p>\n","protected":false},"author":1,"featured_media":37729,"parent":37890,"menu_order":3,"comment_status":"closed","ping_status":"closed","template":"","meta":{"_acf_changed":false,"footnotes":""},"categories":[446],"tags":[],"class_list":["post-37731","page","type-page","status-publish","has-post-thumbnail","category-planar-software-de"],"acf":[],"_links":{"self":[{"href":"https:\/\/dev.mie-scintron.com\/de\/wp-json\/wp\/v2\/pages\/37731","targetHints":{"allow":["GET"]}}],"collection":[{"href":"https:\/\/dev.mie-scintron.com\/de\/wp-json\/wp\/v2\/pages"}],"about":[{"href":"https:\/\/dev.mie-scintron.com\/de\/wp-json\/wp\/v2\/types\/page"}],"author":[{"embeddable":true,"href":"https:\/\/dev.mie-scintron.com\/de\/wp-json\/wp\/v2\/users\/1"}],"replies":[{"embeddable":true,"href":"https:\/\/dev.mie-scintron.com\/de\/wp-json\/wp\/v2\/comments?post=37731"}],"version-history":[{"count":0,"href":"https:\/\/dev.mie-scintron.com\/de\/wp-json\/wp\/v2\/pages\/37731\/revisions"}],"up":[{"embeddable":true,"href":"https:\/\/dev.mie-scintron.com\/de\/wp-json\/wp\/v2\/pages\/37890"}],"wp:featuredmedia":[{"embeddable":true,"href":"https:\/\/dev.mie-scintron.com\/de\/wp-json\/wp\/v2\/media\/37729"}],"wp:attachment":[{"href":"https:\/\/dev.mie-scintron.com\/de\/wp-json\/wp\/v2\/media?parent=37731"}],"wp:term":[{"taxonomy":"category","embeddable":true,"href":"https:\/\/dev.mie-scintron.com\/de\/wp-json\/wp\/v2\/categories?post=37731"},{"taxonomy":"post_tag","embeddable":true,"href":"https:\/\/dev.mie-scintron.com\/de\/wp-json\/wp\/v2\/tags?post=37731"}],"curies":[{"name":"wp","href":"https:\/\/api.w.org\/{rel}","templated":true}]}}